{"id":110,"date":"2019-06-28T08:41:58","date_gmt":"2019-06-28T06:41:58","guid":{"rendered":"https:\/\/www.guldkarma.dk\/?page_id=110"},"modified":"2025-03-19T06:35:11","modified_gmt":"2025-03-19T05:35:11","slug":"hestia-front","status":"publish","type":"page","link":"https:\/\/www.guldkarma.dk\/","title":{"rendered":"Velkommen til Guldkarma"},"content":{"rendered":"\n<p>Hos Guldkarma fremstilles der smykker med musikalitet og sj\u00e6l. Guldsmed Annalene Christiansen, designer smykker med det levende udtryk. De fortrukne materialer er \u00e6dle metaller som guld og s\u00f8lv, men der arbejdes ogs\u00e5 kreativt med kobberets varme farve. Annalene s\u00f8ger, i den kreative proces efter det ypperste: Kontraster, det enkle design, det organiske, det tiltalende. Naturen, eventyret, gamle bygninger, finurlige kongekroner og ornamentik, er nogle af de mange inspirationskilder.<\/p>\n\n\n\n<div class=\"wp-block-image\"><figure class=\"aligncenter\"><img loading=\"lazy\" decoding=\"async\" width=\"300\" height=\"297\" src=\"http:\/\/www.guldkarma.dk\/wp-content\/uploads\/2019\/11\/2-300x297.jpg\" alt=\"\" class=\"wp-image-295\" srcset=\"https:\/\/www.guldkarma.dk\/wp-content\/uploads\/2019\/11\/2-300x297.jpg 300w, https:\/\/www.guldkarma.dk\/wp-content\/uploads\/2019\/11\/2-1024x1015.jpg 1024w, https:\/\/www.guldkarma.dk\/wp-content\/uploads\/2019\/11\/2-150x150.jpg 150w, https:\/\/www.guldkarma.dk\/wp-content\/uploads\/2019\/11\/2-768x762.jpg 768w, https:\/\/www.guldkarma.dk\/wp-content\/uploads\/2019\/11\/2.jpg 1315w\" sizes=\"auto, (max-width: 300px) 100vw, 300px\" \/><\/figure><\/div>\n\n\n\n<p>Med udgangspunkt i dine \u00f8nsker om det personlige smykke fremstilles smykker, lige efter dit hoved. Kom med din egen id\u00e9 og sammen finder vi frem til hvordan dit dr\u00f8mme smykke skal se ud.<\/p>\n","protected":false},"excerpt":{"rendered":"<p>Hos Guldkarma fremstilles der smykker med musikalitet og sj\u00e6l. Guldsmed Annalene Christiansen, designer smykker med det levende udtryk. De fortrukne materialer er [&hellip;]<\/p>\n","protected":false},"author":1,"featured_media":280,"parent":0,"menu_order":0,"comment_status":"closed","ping_status":"closed","template":"page-templates\/page_fullwidth.php","meta":{"footnotes":""},"class_list":["post-110","page","type-page","status-publish","has-post-thumbnail","hentry"],"_links":{"self":[{"href":"https:\/\/www.guldkarma.dk\/index.php?rest_route=\/wp\/v2\/pages\/110","targetHints":{"allow":["GET"]}}],"collection":[{"href":"https:\/\/www.guldkarma.dk\/index.php?rest_route=\/wp\/v2\/pages"}],"about":[{"href":"https:\/\/www.guldkarma.dk\/index.php?rest_route=\/wp\/v2\/types\/page"}],"author":[{"embeddable":true,"href":"https:\/\/www.guldkarma.dk\/index.php?rest_route=\/wp\/v2\/users\/1"}],"replies":[{"embeddable":true,"href":"https:\/\/www.guldkarma.dk\/index.php?rest_route=%2Fwp%2Fv2%2Fcomments&post=110"}],"version-history":[{"count":1,"href":"https:\/\/www.guldkarma.dk\/index.php?rest_route=\/wp\/v2\/pages\/110\/revisions"}],"predecessor-version":[{"id":909,"href":"https:\/\/www.guldkarma.dk\/index.php?rest_route=\/wp\/v2\/pages\/110\/revisions\/909"}],"wp:featuredmedia":[{"embeddable":true,"href":"https:\/\/www.guldkarma.dk\/index.php?rest_route=\/wp\/v2\/media\/280"}],"wp:attachment":[{"href":"https:\/\/www.guldkarma.dk\/index.php?rest_route=%2Fwp%2Fv2%2Fmedia&parent=110"}],"curies":[{"name":"wp","href":"https:\/\/api.w.org\/{rel}","templated":true}]}}